{"id":20,"date":"2017-03-13T17:10:32","date_gmt":"2017-03-13T17:10:32","guid":{"rendered":"http:\/\/freitagsworte.de\/?page_id=20"},"modified":"2018-12-06T17:00:19","modified_gmt":"2018-12-06T16:00:19","slug":"ueber-freitagsworte","status":"publish","type":"page","link":"https:\/\/freitagsworte.de\/index.php\/ueber-freitagsworte\/","title":{"rendered":"\u00dcber Freitagsworte"},"content":{"rendered":"<p>Freitagsworte \u2013 das ist zun\u00e4chst ein Experiment. Wir als Redaktion sind davon \u00fcberzeugt, dass sich deutschsprachige Muslime f\u00fcr die Vermittlung ihrer Glaubensinhalte einer neuen Sprache bedienen m\u00fcssen. Momentan entstehen Texte von Muslimen \u00fcber den Islam \u2013 jedenfalls solche mit dem Anspruch religi\u00f6ser Wahrheit \u2013 noch als Transferleistung aus einer anderen Sprache ins Deutsche hinein.<\/p>\n<p>Oftmals gelingt es nur schwer, den Gehalt solcher textlicher Bekenntnisse zum Islam im Zuge der \u00dcbersetzung zu erhalten. Eine m\u00f6glichst w\u00f6rtliche \u00dcbersetzung scheitert oftmals an dem Anspruch, auch die emotionale und poetische Dimension des Urtextes mitzunehmen. Die emotionale Ansprache des Urtextes geht viel zu h\u00e4ufig verloren \u2013 und damit die Wirkung eines Textes, der eben nicht nur als profaner Text verstanden werden will.<\/p>\n<p>Mit den Texten dieses Blogs versuchen wir als Redaktion M\u00f6glichkeiten zu finden, die Gedanken und Gef\u00fchle von Muslimen in Bezug auf ihren Glauben direkt, ohne das Werkzeug der \u00dcbersetzung und damit ohne den Verschlei\u00df von Inhalt und Kraft des Gesagten, zu artikulieren. Wir m\u00f6chten damit Muslime erreichen, die vor der Schwierigkeit stehen, dass die von ihnen angewandte, gelebte Alltagssprache oft nicht mehr jene ist, in der ihnen ihre Religion vermittelt wurde und noch wird.<\/p>\n<p>Wir m\u00f6chten auch ein nichtmuslimisches Publikum erreichen und nicht nur sichtbar, sondern auch sp\u00fcrbar machen, wie sich der Islam in deutscher Sprache anf\u00fchlt. Denn auch der Ton, das durch Sprache transformierte Gef\u00fchl, tr\u00e4gt wesentlich zum Verst\u00e4ndnis von Glaubensinhalten bei.<\/p>\n<p>Und beide Teile dieses Publikums wollen wir f\u00fcr die Sch\u00f6nheit des Islam begeistern, von der wir glauben, dass sie sich besser entfalten kann, wenn sie in einer Sprache zug\u00e4nglich ist, die nicht als fremd und br\u00fcchig wahrgenommen wird.<\/p>\n<p>Ausdr\u00fccklich will sich die Redaktion in die Rolle eines Sprechers einer Freitagspredigt hineinversetzen; gerade auch um der Herausforderung nachzusp\u00fcren, wie durch eine direkte Ansprache, durch eine appellative N\u00e4he zum Publikum, die Vermittlung religi\u00f6ser Inhalte gelingen kann.<\/p>\n<p>Bewusst verzichtet sie dabei auf rituelle Umrahmungen der Texte. Die rituelle, spirituelle Begleitung der freit\u00e4glichen Gemeindeansprache ist Sache der Religionsgemeinschaften. Die Freitagsworte wollen nur einen Eindruck davon vermitteln, wie diese Ansprache inhaltlich direkter und sprachlich harmonischer gelingen kann. Deshalb sind die Freitagsworte keine Alternative zu den Predigttexten der islamischen Religionsgemeinschaften \u2013 aber eine thematische und stilistische Anregung zum Weiterdenken.<\/p>\n<p>Die Freitagsworte wollen regelm\u00e4\u00dfig w\u00f6chentlich, jeweils freitagsmorgens erscheinen. Als Texte von Muslimen f\u00fcr Muslime und Nicht-Muslime. Ausdr\u00fccklich sind Gastautoren dazu eingeladen, sich Gedanken zu machen \u00fcber ihre h\u00f6chstpers\u00f6nlichen Freitagsworte \u2013 empathisch als Appell an eine Freitagsgemeinde. Die Redaktion ist sehr daran interessiert, auch solche Gastbeitr\u00e4ge als Freitagsworte zu ver\u00f6ffentlichen.<\/p>\n<p>Uns obliegt die M\u00fche, \u00fcber das Resultat befindet Gott allein. Er wei\u00df es am besten.<\/p>\n<p><em>Freitagsworte ist ein Format der Alhambra Gesellschaft. Mehr unter: <a href=\"http:\/\/www.alhambra-gesellschaft.de\">www.alhambra-gesellschaft.de<\/a><\/em><\/p>\n","protected":false},"excerpt":{"rendered":"<p>Freitagsworte \u2013 das ist zun\u00e4chst ein Experiment. Wir als Redaktion sind davon \u00fcberzeugt, dass sich deutschsprachige Muslime f\u00fcr die Vermittlung ihrer Glaubensinhalte einer neuen Sprache bedienen m\u00fcssen. Momentan entstehen Texte von Muslimen \u00fcber den Islam \u2013 jedenfalls solche mit dem Anspruch religi\u00f6ser Wahrheit \u2013 noch als Transferleistung aus einer anderen Sprache ins Deutsche hinein. Oftmals&hellip; <\/p>\n<p class=\"simppeli-read-more\"><a href=\"https:\/\/freitagsworte.de\/index.php\/ueber-freitagsworte\/\" class=\"more-link\">Weiterlesen <span class=\"screen-reader-text\">\u00dcber Freitagsworte<\/span> <span class=\"meta-nav\">&rarr;<\/span><\/a><\/p>\n","protected":false},"author":6,"featured_media":0,"parent":0,"menu_order":0,"comment_status":"closed","ping_status":"closed","template":"","meta":{"spay_email":""},"jetpack_sharing_enabled":true,"jetpack_shortlink":"https:\/\/wp.me\/P8tv7g-k","jetpack-related-posts":[{"id":12,"url":"https:\/\/freitagsworte.de\/index.php\/impressum-datenschutz\/","url_meta":{"origin":20,"position":0},"title":"Impressum","date":"7. M\u00e4rz 2017","format":false,"excerpt":"Impressum: Freitagsworte.de ist ein Format der Alhambra Gesellschaft e.V. Postfach 68 02 22, 50705 K\u00f6ln Verantwortliche f\u00fcr den Inhalt (gem. \u00a7 55 Abs. 2 RStV): Eren G\u00fcvercin Engin Karahan Autoren: ab: Ali Ba\u015f as: Ayd\u0131n S\u00fcer eg: Eren G\u00fcvercin ek: Engin Karahan mk: Murat Kayman ns: Nimet \u015eeker sbk: \u015eeng\u00fcl\u2026","rel":"","context":"\u00c4hnlicher Beitrag","img":{"alt_text":"","src":"","width":0,"height":0},"classes":[]},{"id":43,"url":"https:\/\/freitagsworte.de\/index.php\/kontakt\/","url_meta":{"origin":20,"position":1},"title":"Kontakt","date":"14. M\u00e4rz 2017","format":false,"excerpt":"Nutzen Sie f\u00fcr Anfragen, Anregungen und Kritik an die Redaktion unser Kontaktformular:","rel":"","context":"\u00c4hnlicher Beitrag","img":{"alt_text":"","src":"","width":0,"height":0},"classes":[]},{"id":920,"url":"https:\/\/freitagsworte.de\/index.php\/podcasts\/","url_meta":{"origin":20,"position":2},"title":"Podcasts","date":"12. Dezember 2018","format":false,"excerpt":"","rel":"","context":"\u00c4hnlicher Beitrag","img":{"alt_text":"","src":"","width":0,"height":0},"classes":[]}],"_links":{"self":[{"href":"https:\/\/freitagsworte.de\/index.php\/wp-json\/wp\/v2\/pages\/20"}],"collection":[{"href":"https:\/\/freitagsworte.de\/index.php\/wp-json\/wp\/v2\/pages"}],"about":[{"href":"https:\/\/freitagsworte.de\/index.php\/wp-json\/wp\/v2\/types\/page"}],"author":[{"embeddable":true,"href":"https:\/\/freitagsworte.de\/index.php\/wp-json\/wp\/v2\/users\/6"}],"replies":[{"embeddable":true,"href":"https:\/\/freitagsworte.de\/index.php\/wp-json\/wp\/v2\/comments?post=20"}],"version-history":[{"count":5,"href":"https:\/\/freitagsworte.de\/index.php\/wp-json\/wp\/v2\/pages\/20\/revisions"}],"predecessor-version":[{"id":860,"href":"https:\/\/freitagsworte.de\/index.php\/wp-json\/wp\/v2\/pages\/20\/revisions\/860"}],"wp:attachment":[{"href":"https:\/\/freitagsworte.de\/index.php\/wp-json\/wp\/v2\/media?parent=20"}],"curies":[{"name":"wp","href":"https:\/\/api.w.org\/{rel}","templated":true}]}}